{"id":4,"date":"2013-07-24T14:09:38","date_gmt":"2013-07-24T14:09:38","guid":{"rendered":"http:\/\/localhost\/eventos\/?page_id=4"},"modified":"2026-04-15T21:04:48","modified_gmt":"2026-04-16T00:04:48","slug":"sobre-o-evento","status":"publish","type":"page","link":"https:\/\/semearcrp.ufv.br\/","title":{"rendered":"Apresenta\u00e7\u00e3o"},"content":{"rendered":"\n<p>A <strong>SEMEAR &#8211; Semana de Extens\u00e3o e Aprimoramento Regional<\/strong> tem como objetivo fortalecer as atividades de ensino, pesquisa e extens\u00e3o da UFV Campus Rio Parana\u00edba, por meio da realiza\u00e7\u00e3o de treinamentos e qualifica\u00e7\u00e3o profissional, assim como proporcionar mais oportunidades de cultura e lazer para nossa comunidade acad\u00eamica e regi\u00e3o.<\/p>\n\n\n\n<p class=\"has-text-align-left\"><span style=\"font-size: revert; color: initial;\"><br><\/span>Em 2026,<strong> de 13 a 21 de junho<\/strong>, ocorrer\u00e1 a <strong>IV Edi\u00e7\u00e3o da SEMEAR<\/strong>, que contar\u00e1 com mais de <strong>70 cursos e diversas atividades de extens\u00e3o e cultura<\/strong>. Se prepare para grandes aprendizados e experi\u00eancias!<\/p>\n\n\n\n<p><\/p>\n\n\n\n<p><\/p>\n\n\n\n<figure class=\"wp-block-table\"><table><tbody><tr><td><a href=\"https:\/\/semearcrp.ufv.br\/?page_id=1264\" target=\"_blank\" rel=\"noreferrer noopener\">\u2022 <\/a><a href=\"https:\/\/semearcrp.ufv.br\/?page_id=1264\">INSCRI\u00c7\u00c3O <\/a><a href=\"https:\/\/semearcrp.ufv.br\/?page_id=1264\" target=\"_blank\" rel=\"noreferrer noopener\">NOS <strong>CURSOS SEMEAR 2026<\/strong> AQUI!<\/a><\/td><\/tr><tr><td><a href=\"https:\/\/semearcrp.ufv.br\/?page_id=1262\">\u2022 INSCRI\u00c7\u00c3O NOS <strong>EVENTOS SEMEAR 2026<\/strong> AQUI!<\/a><\/td><\/tr><\/tbody><\/table><\/figure>\n","protected":false},"excerpt":{"rendered":"<p>A SEMEAR &#8211; Semana de Extens\u00e3o e Aprimoramento Regional tem como objetivo fortalecer as atividades de ensino, pesquisa e extens\u00e3o da UFV Campus Rio Parana\u00edba, por meio da realiza\u00e7\u00e3o de treinamentos e qualifica\u00e7\u00e3o profissional, assim como proporcionar mais oportunidades de &hellip; <a href=\"https:\/\/semearcrp.ufv.br\/\">Leia mais<\/a><\/p>\n","protected":false},"author":1,"featured_media":0,"parent":0,"menu_order":0,"comment_status":"closed","ping_status":"closed","template":"inicio-page.php","meta":{"footnotes":""},"class_list":["post-4","page","type-page","status-publish","hentry"],"_links":{"self":[{"href":"https:\/\/semearcrp.ufv.br\/index.php?rest_route=\/wp\/v2\/pages\/4","targetHints":{"allow":["GET"]}}],"collection":[{"href":"https:\/\/semearcrp.ufv.br\/index.php?rest_route=\/wp\/v2\/pages"}],"about":[{"href":"https:\/\/semearcrp.ufv.br\/index.php?rest_route=\/wp\/v2\/types\/page"}],"author":[{"embeddable":true,"href":"https:\/\/semearcrp.ufv.br\/index.php?rest_route=\/wp\/v2\/users\/1"}],"replies":[{"embeddable":true,"href":"https:\/\/semearcrp.ufv.br\/index.php?rest_route=%2Fwp%2Fv2%2Fcomments&post=4"}],"version-history":[{"count":171,"href":"https:\/\/semearcrp.ufv.br\/index.php?rest_route=\/wp\/v2\/pages\/4\/revisions"}],"predecessor-version":[{"id":3352,"href":"https:\/\/semearcrp.ufv.br\/index.php?rest_route=\/wp\/v2\/pages\/4\/revisions\/3352"}],"wp:attachment":[{"href":"https:\/\/semearcrp.ufv.br\/index.php?rest_route=%2Fwp%2Fv2%2Fmedia&parent=4"}],"curies":[{"name":"wp","href":"https:\/\/api.w.org\/{rel}","templated":true}]}}