{"id":1658,"date":"2024-08-20T08:19:56","date_gmt":"2024-08-20T11:19:56","guid":{"rendered":"https:\/\/semearcrp.ufv.br\/?page_id=1658"},"modified":"2026-04-15T19:13:36","modified_gmt":"2026-04-15T22:13:36","slug":"revista-semear","status":"publish","type":"page","link":"https:\/\/semearcrp.ufv.br\/?page_id=1658","title":{"rendered":"Revista SEMEAR"},"content":{"rendered":"\n<p>A <strong><a href=\"https:\/\/revistaextensaoeculturaemfoco.crp.ufv.br\/\">Revista Extens\u00e3o e Cultura em Foco<\/a><\/strong> apresenta um resumo completo de tudo que ocorreu no evento em cada uma das suas edi\u00e7\u00f5es (2023 e 2024). Baixe as revistas e confira!<\/p>\n\n\n\n<p class=\"has-text-align-center\"><strong>III SEMEAR (2025)<\/strong> Em breve<\/p>\n\n\n\n<figure class=\"wp-block-image size-large is-resized\"><img loading=\"lazy\" decoding=\"async\" width=\"724\" height=\"1024\" src=\"https:\/\/semearcrp.ufv.br\/wp-content\/uploads\/2026\/04\/REVISTA-SEMEAR-2025-capa-724x1024.png\" alt=\"\" class=\"wp-image-3349\" style=\"width:181px;height:256px\" srcset=\"https:\/\/semearcrp.ufv.br\/wp-content\/uploads\/2026\/04\/REVISTA-SEMEAR-2025-capa-724x1024.png 724w, https:\/\/semearcrp.ufv.br\/wp-content\/uploads\/2026\/04\/REVISTA-SEMEAR-2025-capa-212x300.png 212w, https:\/\/semearcrp.ufv.br\/wp-content\/uploads\/2026\/04\/REVISTA-SEMEAR-2025-capa-768x1086.png 768w, https:\/\/semearcrp.ufv.br\/wp-content\/uploads\/2026\/04\/REVISTA-SEMEAR-2025-capa-1086x1536.png 1086w, https:\/\/semearcrp.ufv.br\/wp-content\/uploads\/2026\/04\/REVISTA-SEMEAR-2025-capa.png 1414w\" sizes=\"auto, (max-width: 724px) 100vw, 724px\" \/><\/figure>\n\n\n\n<p class=\"has-text-align-center\"><strong>II SEMEAR (2024)<\/strong><\/p>\n\n\n\n<figure class=\"wp-block-image size-large is-resized\"><a href=\"https:\/\/revistaextensaoeculturaemfoco.crp.ufv.br\/?download=1362\"><img loading=\"lazy\" decoding=\"async\" width=\"724\" height=\"1024\" src=\"https:\/\/semearcrp.ufv.br\/wp-content\/uploads\/2025\/04\/REVISTA-SEMEAR-2024-COPIA-MAURO-JACOB-724x1024.png\" alt=\"\" class=\"wp-image-2860\" style=\"width:181px;height:256px\" srcset=\"https:\/\/semearcrp.ufv.br\/wp-content\/uploads\/2025\/04\/REVISTA-SEMEAR-2024-COPIA-MAURO-JACOB-724x1024.png 724w, https:\/\/semearcrp.ufv.br\/wp-content\/uploads\/2025\/04\/REVISTA-SEMEAR-2024-COPIA-MAURO-JACOB-212x300.png 212w, https:\/\/semearcrp.ufv.br\/wp-content\/uploads\/2025\/04\/REVISTA-SEMEAR-2024-COPIA-MAURO-JACOB-768x1086.png 768w, https:\/\/semearcrp.ufv.br\/wp-content\/uploads\/2025\/04\/REVISTA-SEMEAR-2024-COPIA-MAURO-JACOB-1086x1536.png 1086w, https:\/\/semearcrp.ufv.br\/wp-content\/uploads\/2025\/04\/REVISTA-SEMEAR-2024-COPIA-MAURO-JACOB.png 1414w\" sizes=\"auto, (max-width: 724px) 100vw, 724px\" \/><\/a><\/figure>\n\n\n\n<p class=\"has-text-align-center\"><strong>I SEMEAR (2023)<\/strong><\/p>\n\n\n\n<figure class=\"wp-block-image size-large is-resized\"><a href=\"https:\/\/revistaextensaoeculturaemfoco.crp.ufv.br\/?download=1336\"><img loading=\"lazy\" decoding=\"async\" width=\"724\" height=\"1024\" src=\"https:\/\/semearcrp.ufv.br\/wp-content\/uploads\/2024\/08\/Revista-Semear-2-724x1024.png\" alt=\"\" class=\"wp-image-1664\" style=\"width:181px;height:256px\" srcset=\"https:\/\/semearcrp.ufv.br\/wp-content\/uploads\/2024\/08\/Revista-Semear-2-724x1024.png 724w, https:\/\/semearcrp.ufv.br\/wp-content\/uploads\/2024\/08\/Revista-Semear-2-212x300.png 212w, https:\/\/semearcrp.ufv.br\/wp-content\/uploads\/2024\/08\/Revista-Semear-2-768x1086.png 768w, https:\/\/semearcrp.ufv.br\/wp-content\/uploads\/2024\/08\/Revista-Semear-2-1086x1536.png 1086w, https:\/\/semearcrp.ufv.br\/wp-content\/uploads\/2024\/08\/Revista-Semear-2.png 1414w\" sizes=\"auto, (max-width: 724px) 100vw, 724px\" \/><\/a><\/figure>\n\n\n\n<p class=\"has-text-align-center\"><\/p>\n","protected":false},"excerpt":{"rendered":"<p>A Revista Extens\u00e3o e Cultura em Foco apresenta um resumo completo de tudo que ocorreu no evento em cada uma das suas edi\u00e7\u00f5es (2023 e 2024). Baixe as revistas e confira! III SEMEAR (2025) Em breve II SEMEAR (2024) I &hellip; <a href=\"https:\/\/semearcrp.ufv.br\/?page_id=1658\">Leia mais<\/a><\/p>\n","protected":false},"author":7,"featured_media":0,"parent":0,"menu_order":0,"comment_status":"closed","ping_status":"closed","template":"","meta":{"footnotes":""},"class_list":["post-1658","page","type-page","status-publish","hentry"],"_links":{"self":[{"href":"https:\/\/semearcrp.ufv.br\/index.php?rest_route=\/wp\/v2\/pages\/1658","targetHints":{"allow":["GET"]}}],"collection":[{"href":"https:\/\/semearcrp.ufv.br\/index.php?rest_route=\/wp\/v2\/pages"}],"about":[{"href":"https:\/\/semearcrp.ufv.br\/index.php?rest_route=\/wp\/v2\/types\/page"}],"author":[{"embeddable":true,"href":"https:\/\/semearcrp.ufv.br\/index.php?rest_route=\/wp\/v2\/users\/7"}],"replies":[{"embeddable":true,"href":"https:\/\/semearcrp.ufv.br\/index.php?rest_route=%2Fwp%2Fv2%2Fcomments&post=1658"}],"version-history":[{"count":14,"href":"https:\/\/semearcrp.ufv.br\/index.php?rest_route=\/wp\/v2\/pages\/1658\/revisions"}],"predecessor-version":[{"id":3350,"href":"https:\/\/semearcrp.ufv.br\/index.php?rest_route=\/wp\/v2\/pages\/1658\/revisions\/3350"}],"wp:attachment":[{"href":"https:\/\/semearcrp.ufv.br\/index.php?rest_route=%2Fwp%2Fv2%2Fmedia&parent=1658"}],"curies":[{"name":"wp","href":"https:\/\/api.w.org\/{rel}","templated":true}]}}