{"id":1270,"date":"2022-06-15T13:47:05","date_gmt":"2022-06-15T16:47:05","guid":{"rendered":"https:\/\/semearcrp.ufv.br\/?page_id=1270"},"modified":"2025-04-02T13:50:58","modified_gmt":"2025-04-02T16:50:58","slug":"menu05","status":"publish","type":"page","link":"https:\/\/semearcrp.ufv.br\/?page_id=1270","title":{"rendered":"Certificados"},"content":{"rendered":"\n<p>\u2022 Certificados  de organizadores do evento: coordenador, comiss\u00e3o coordenadora, colaboradores, colaboradores volunt\u00e1rios, ministrantes, monitores e expositores: <a href=\"https:\/\/www2.dti.ufv.br\/raex\/scripts\/certificado.php\">RAEX<\/a><br>\u2022 Certificados do p\u00fablico ouvinte: <a href=\"https:\/\/sso.acesso.ufv.br\/auth\/login?service=https%3A%2F%2Fsso.acesso.ufv.br%2Fauth%2Foauth2.0%2FcallbackAuthorize%3Fclient_id%3Dguardiao_cas_usuario%26redirect_uri%3Dhttps%253A%252F%252Fsso.guardiao.ufv.br%252Fauth%252Flogin%253Fclient_name%253Dpessoa%26response_type%3Dcode%26client_name%3DCasOAuthClient\">Sistema de Gerenciamento de Certificados da UFV<\/a><\/p>\n\n\n\n<p><\/p>\n\n\n\n<p>D\u00favidas: Diretoria de Extens\u00e3o e Cultura &#8211; UFV CRP:  (34) 3855-9362 &#8211; dxccrp@ufv.br<br><br><\/p>\n","protected":false},"excerpt":{"rendered":"<p>\u2022 Certificados de organizadores do evento: coordenador, comiss\u00e3o coordenadora, colaboradores, colaboradores volunt\u00e1rios, ministrantes, monitores e expositores: RAEX\u2022 Certificados do p\u00fablico ouvinte: Sistema de Gerenciamento de Certificados da UFV D\u00favidas: Diretoria de Extens\u00e3o e Cultura &#8211; UFV CRP: (34) 3855-9362 &#8211; &hellip; <a href=\"https:\/\/semearcrp.ufv.br\/?page_id=1270\">Leia mais<\/a><\/p>\n","protected":false},"author":1,"featured_media":0,"parent":0,"menu_order":0,"comment_status":"closed","ping_status":"closed","template":"","meta":{"footnotes":""},"class_list":["post-1270","page","type-page","status-publish","hentry"],"_links":{"self":[{"href":"https:\/\/semearcrp.ufv.br\/index.php?rest_route=\/wp\/v2\/pages\/1270","targetHints":{"allow":["GET"]}}],"collection":[{"href":"https:\/\/semearcrp.ufv.br\/index.php?rest_route=\/wp\/v2\/pages"}],"about":[{"href":"https:\/\/semearcrp.ufv.br\/index.php?rest_route=\/wp\/v2\/types\/page"}],"author":[{"embeddable":true,"href":"https:\/\/semearcrp.ufv.br\/index.php?rest_route=\/wp\/v2\/users\/1"}],"replies":[{"embeddable":true,"href":"https:\/\/semearcrp.ufv.br\/index.php?rest_route=%2Fwp%2Fv2%2Fcomments&post=1270"}],"version-history":[{"count":14,"href":"https:\/\/semearcrp.ufv.br\/index.php?rest_route=\/wp\/v2\/pages\/1270\/revisions"}],"predecessor-version":[{"id":2539,"href":"https:\/\/semearcrp.ufv.br\/index.php?rest_route=\/wp\/v2\/pages\/1270\/revisions\/2539"}],"wp:attachment":[{"href":"https:\/\/semearcrp.ufv.br\/index.php?rest_route=%2Fwp%2Fv2%2Fmedia&parent=1270"}],"curies":[{"name":"wp","href":"https:\/\/api.w.org\/{rel}","templated":true}]}}