{"id":1268,"date":"2022-06-15T13:46:58","date_gmt":"2022-06-15T16:46:58","guid":{"rendered":"https:\/\/semearcrp.ufv.br\/?page_id=1268"},"modified":"2026-04-15T21:19:49","modified_gmt":"2026-04-16T00:19:49","slug":"menu04","status":"publish","type":"page","link":"https:\/\/semearcrp.ufv.br\/?page_id=1268","title":{"rendered":"Realiza\u00e7\u00e3o \/ Patrocinadores"},"content":{"rendered":"\n<figure class=\"wp-block-table\"><table class=\"has-fixed-layout\"><tbody><tr><td><strong>Realiza\u00e7\u00e3o<\/strong><\/td><\/tr><\/tbody><\/table><\/figure>\n\n\n\n<figure class=\"wp-block-gallery has-nested-images columns-default is-cropped wp-block-gallery-1 is-layout-flex wp-block-gallery-is-layout-flex\">\n<figure class=\"wp-block-image size-large is-resized\"><img loading=\"lazy\" decoding=\"async\" width=\"1024\" height=\"1024\" data-id=\"2161\" src=\"https:\/\/semearcrp.ufv.br\/wp-content\/uploads\/2024\/08\/Logo-Quadrada-UFV-4-1024x1024.png\" alt=\"\" class=\"wp-image-2161\" style=\"width:150px;height:150px\" srcset=\"https:\/\/semearcrp.ufv.br\/wp-content\/uploads\/2024\/08\/Logo-Quadrada-UFV-4-1024x1024.png 1024w, https:\/\/semearcrp.ufv.br\/wp-content\/uploads\/2024\/08\/Logo-Quadrada-UFV-4-300x300.png 300w, https:\/\/semearcrp.ufv.br\/wp-content\/uploads\/2024\/08\/Logo-Quadrada-UFV-4-150x150.png 150w, https:\/\/semearcrp.ufv.br\/wp-content\/uploads\/2024\/08\/Logo-Quadrada-UFV-4-768x768.png 768w, https:\/\/semearcrp.ufv.br\/wp-content\/uploads\/2024\/08\/Logo-Quadrada-UFV-4.png 1080w\" sizes=\"auto, (max-width: 1024px) 100vw, 1024px\" \/><\/figure>\n\n\n\n<figure class=\"wp-block-image size-large is-resized\"><img loading=\"lazy\" decoding=\"async\" width=\"1024\" height=\"1024\" data-id=\"2162\" src=\"https:\/\/semearcrp.ufv.br\/wp-content\/uploads\/2024\/08\/Logo-Quadrada-DXC-2-1024x1024.png\" alt=\"\" class=\"wp-image-2162\" style=\"width:150px;height:150px\" srcset=\"https:\/\/semearcrp.ufv.br\/wp-content\/uploads\/2024\/08\/Logo-Quadrada-DXC-2-1024x1024.png 1024w, https:\/\/semearcrp.ufv.br\/wp-content\/uploads\/2024\/08\/Logo-Quadrada-DXC-2-300x300.png 300w, https:\/\/semearcrp.ufv.br\/wp-content\/uploads\/2024\/08\/Logo-Quadrada-DXC-2-150x150.png 150w, https:\/\/semearcrp.ufv.br\/wp-content\/uploads\/2024\/08\/Logo-Quadrada-DXC-2-768x768.png 768w, https:\/\/semearcrp.ufv.br\/wp-content\/uploads\/2024\/08\/Logo-Quadrada-DXC-2.png 1080w\" sizes=\"auto, (max-width: 1024px) 100vw, 1024px\" \/><\/figure>\n\n\n<div class=\"wp-block-image\">\n<figure class=\"aligncenter size-large is-resized\"><img loading=\"lazy\" decoding=\"async\" width=\"1024\" height=\"1024\" data-id=\"2163\" src=\"https:\/\/semearcrp.ufv.br\/wp-content\/uploads\/2024\/08\/Logo-Quadrada-PEC-2-1024x1024.png\" alt=\"\" class=\"wp-image-2163\" style=\"width:150px;height:150px\" srcset=\"https:\/\/semearcrp.ufv.br\/wp-content\/uploads\/2024\/08\/Logo-Quadrada-PEC-2-1024x1024.png 1024w, https:\/\/semearcrp.ufv.br\/wp-content\/uploads\/2024\/08\/Logo-Quadrada-PEC-2-300x300.png 300w, https:\/\/semearcrp.ufv.br\/wp-content\/uploads\/2024\/08\/Logo-Quadrada-PEC-2-150x150.png 150w, https:\/\/semearcrp.ufv.br\/wp-content\/uploads\/2024\/08\/Logo-Quadrada-PEC-2-768x768.png 768w, https:\/\/semearcrp.ufv.br\/wp-content\/uploads\/2024\/08\/Logo-Quadrada-PEC-2.png 1080w\" sizes=\"auto, (max-width: 1024px) 100vw, 1024px\" \/><\/figure><\/div><\/figure>\n\n\n\n<div class=\"wp-block-group\"><div class=\"wp-block-group__inner-container is-layout-constrained wp-block-group-is-layout-constrained\"><\/div><\/div>\n\n\n\n<p><\/p>\n\n\n\n<figure class=\"wp-block-table\"><table class=\"has-fixed-layout\"><tbody><tr><td><strong>Apresenta\u00e7\u00e3o<\/strong><\/td><\/tr><\/tbody><\/table><\/figure>\n\n\n\n<div class=\"wp-block-group\"><div class=\"wp-block-group__inner-container is-layout-constrained wp-block-group-is-layout-constrained\"><div class=\"wp-block-image\">\n<figure class=\"aligncenter size-large is-resized\"><img loading=\"lazy\" decoding=\"async\" width=\"1024\" height=\"1024\" src=\"https:\/\/semearcrp.ufv.br\/wp-content\/uploads\/2024\/08\/Logo-Quadrada-Sicoob-6-1024x1024.png\" alt=\"\" class=\"wp-image-2168\" style=\"width:150px;height:150px\" srcset=\"https:\/\/semearcrp.ufv.br\/wp-content\/uploads\/2024\/08\/Logo-Quadrada-Sicoob-6-1024x1024.png 1024w, https:\/\/semearcrp.ufv.br\/wp-content\/uploads\/2024\/08\/Logo-Quadrada-Sicoob-6-300x300.png 300w, https:\/\/semearcrp.ufv.br\/wp-content\/uploads\/2024\/08\/Logo-Quadrada-Sicoob-6-150x150.png 150w, https:\/\/semearcrp.ufv.br\/wp-content\/uploads\/2024\/08\/Logo-Quadrada-Sicoob-6-768x768.png 768w, https:\/\/semearcrp.ufv.br\/wp-content\/uploads\/2024\/08\/Logo-Quadrada-Sicoob-6.png 1080w\" sizes=\"auto, (max-width: 1024px) 100vw, 1024px\" \/><\/figure><\/div><\/div><\/div>\n\n\n\n<p><\/p>\n\n\n\n<figure class=\"wp-block-table\"><table class=\"has-fixed-layout\"><tbody><tr><td><strong>Patrocinadores e Parceiros<\/strong><\/td><\/tr><\/tbody><\/table><\/figure>\n\n\n\n<div class=\"wp-block-group\"><div class=\"wp-block-group__inner-container is-layout-constrained wp-block-group-is-layout-constrained\">\n<p>Em breve.<\/p>\n<\/div><\/div>\n","protected":false},"excerpt":{"rendered":"<p>Realiza\u00e7\u00e3o Apresenta\u00e7\u00e3o Patrocinadores e Parceiros Em breve.<\/p>\n","protected":false},"author":1,"featured_media":0,"parent":0,"menu_order":0,"comment_status":"closed","ping_status":"closed","template":"","meta":{"footnotes":""},"class_list":["post-1268","page","type-page","status-publish","hentry"],"_links":{"self":[{"href":"https:\/\/semearcrp.ufv.br\/index.php?rest_route=\/wp\/v2\/pages\/1268","targetHints":{"allow":["GET"]}}],"collection":[{"href":"https:\/\/semearcrp.ufv.br\/index.php?rest_route=\/wp\/v2\/pages"}],"about":[{"href":"https:\/\/semearcrp.ufv.br\/index.php?rest_route=\/wp\/v2\/types\/page"}],"author":[{"embeddable":true,"href":"https:\/\/semearcrp.ufv.br\/index.php?rest_route=\/wp\/v2\/users\/1"}],"replies":[{"embeddable":true,"href":"https:\/\/semearcrp.ufv.br\/index.php?rest_route=%2Fwp%2Fv2%2Fcomments&post=1268"}],"version-history":[{"count":63,"href":"https:\/\/semearcrp.ufv.br\/index.php?rest_route=\/wp\/v2\/pages\/1268\/revisions"}],"predecessor-version":[{"id":3360,"href":"https:\/\/semearcrp.ufv.br\/index.php?rest_route=\/wp\/v2\/pages\/1268\/revisions\/3360"}],"wp:attachment":[{"href":"https:\/\/semearcrp.ufv.br\/index.php?rest_route=%2Fwp%2Fv2%2Fmedia&parent=1268"}],"curies":[{"name":"wp","href":"https:\/\/api.w.org\/{rel}","templated":true}]}}